{"id":366,"date":"2021-11-16T15:28:26","date_gmt":"2021-11-16T15:28:26","guid":{"rendered":"https:\/\/hizerocleaner.be\/?post_type=product&#038;p=366"},"modified":"2025-03-25T13:38:57","modified_gmt":"2025-03-25T13:38:57","slug":"hizero-hygieneclean-customized-cleaning-solution-1000ml","status":"publish","type":"product","link":"https:\/\/hizero.be\/fr\/produits-2\/hizero-hygieneclean-customized-cleaning-solution-1000ml\/","title":{"rendered":"Hizero Hard Floor Cleaning Solution (1000ml)"},"content":{"rendered":"<p>La solution de nettoyage pour sols durs Hizero fonctionne avec tous les nettoyeurs de sols durs Hizero pour \u00e9liminer la salet\u00e9 et les taches du sol. Elle convient \u00e0 toutes les surfaces dures et est sans danger pour les foyers avec des enfants et des animaux domestiques. Elle nettoie efficacement sans produits chimiques agressifs.<\/p>\n<ul>\n<li>Propret\u00e9 : Assure une maison propre et hygi\u00e9nique.<\/li>\n<li>Nettoyage polyvalent : Efficace sur tous les types de sols durs, y compris le bois, le carrelage, le stratifi\u00e9 et le vinyle.<\/li>\n<li>Sans r\u00e9sidus : Nettoie en profondeur sans laisser de traces ni de r\u00e9sidus.<\/li>\n<li>Formule non toxique : Parfaite pour les foyers avec enfants et animaux.<\/li>\n<li>Adapt\u00e9e aux animaux : Id\u00e9ale pour les maisons avec des animaux domestiques, \u00e9limine les salet\u00e9s tenaces et les mauvaises odeurs.<\/li>\n<li>Compatible avec Hizero : Con\u00e7ue pour fonctionner parfaitement avec les syst\u00e8mes de nettoyage de sol Hizero.<\/li>\n<\/ul>","protected":false},"excerpt":{"rendered":"<p>De Hizero Hard Floor Cleaning Solution werkt in alle Hizero harde vloerreinigers om vuil en vlekken van de vloer te verwijderen. Het is geschikt voor alle harde oppervlakken en veilig te gebruiken in huishoudens met kinderen en huisdieren. Het reinigt doeltreffend zonder agressieve chemicali\u00ebn. Schoon: Zorgt voor een schoon en hygi\u00ebnisch huis. Veelzijdige reiniging: Effectief &#8230; <a title=\"Hizero Hard Floor Cleaning Solution (1000ml)\" class=\"read-more\" href=\"https:\/\/hizero.be\/fr\/produits-2\/hizero-hygieneclean-customized-cleaning-solution-1000ml\/\" aria-label=\"Read more about Hizero Hard Floor Cleaning Solution (1000ml)\">Lire la suite<\/a><\/p>","protected":false},"featured_media":367,"template":"","meta":{"_acf_changed":false},"product_brand":[],"product_cat":[20],"product_tag":[],"class_list":{"0":"post-366","1":"product","2":"type-product","3":"status-publish","4":"has-post-thumbnail","6":"product_cat-accessoires","8":"first","9":"instock","10":"taxable","11":"shipping-taxable","12":"purchasable","13":"product-type-simple"},"acf":[],"_links":{"self":[{"href":"https:\/\/hizero.be\/fr\/wp-json\/wp\/v2\/product\/366","targetHints":{"allow":["GET"]}}],"collection":[{"href":"https:\/\/hizero.be\/fr\/wp-json\/wp\/v2\/product"}],"about":[{"href":"https:\/\/hizero.be\/fr\/wp-json\/wp\/v2\/types\/product"}],"wp:featuredmedia":[{"embeddable":true,"href":"https:\/\/hizero.be\/fr\/wp-json\/wp\/v2\/media\/367"}],"wp:attachment":[{"href":"https:\/\/hizero.be\/fr\/wp-json\/wp\/v2\/media?parent=366"}],"wp:term":[{"taxonomy":"product_brand","embeddable":true,"href":"https:\/\/hizero.be\/fr\/wp-json\/wp\/v2\/product_brand?post=366"},{"taxonomy":"product_cat","embeddable":true,"href":"https:\/\/hizero.be\/fr\/wp-json\/wp\/v2\/product_cat?post=366"},{"taxonomy":"product_tag","embeddable":true,"href":"https:\/\/hizero.be\/fr\/wp-json\/wp\/v2\/product_tag?post=366"}],"curies":[{"name":"wp","href":"https:\/\/api.w.org\/{rel}","templated":true}]}}