{"id":3221,"date":"2023-05-30T11:41:01","date_gmt":"2023-05-30T11:41:01","guid":{"rendered":"https:\/\/hizero.be\/?post_type=product&#038;p=3221"},"modified":"2024-08-05T05:48:20","modified_gmt":"2024-08-05T05:48:20","slug":"hizero-f500-all-in-one-bionic","status":"publish","type":"product","link":"https:\/\/hizero.be\/fr\/produits-2\/hizero-f500-all-in-one-bionic\/","title":{"rendered":"Hizero F500 all-in-one Bionic"},"content":{"rendered":"<p><strong>Voici le nettoyage r\u00e9volutionnaire des sols durs.<\/strong><\/p>\n<p>Hizero utilise des approches de conception r\u00e9volutionnaires de la technologie bionique pour cr\u00e9er un appareil vraiment polyvalent avec des avantages impressionnants.<br \/>\nUne solution de nettoyage tout-en-un sans fil pour sols durs qui balaie, lave et s\u00e8che \u00e0 l'aide d'un rouleau \u00e0 surface souple en polym\u00e8re haute densit\u00e9 unique, mais r\u00e9sistant \u00e0 l'usure, qui se nettoie tout seul pendant qu'il fonctionne. Profitez de sols durs hygi\u00e9niquement propres, sans rayures et beaux.<\/p>\n<p>&nbsp;<\/p>","protected":false},"excerpt":{"rendered":"<p><strong>Voici le nettoyage r\u00e9volutionnaire des sols durs.<\/strong><\/p>\n<p>Hizero utilise des approches de conception r\u00e9volutionnaires de la technologie bionique pour cr\u00e9er un appareil vraiment polyvalent avec des avantages impressionnants.<br \/>\nUne solution de nettoyage tout-en-un sans fil pour sols durs qui balaie, lave et s\u00e8che \u00e0 l'aide d'un rouleau \u00e0 surface souple en polym\u00e8re haute densit\u00e9 unique, mais r\u00e9sistant \u00e0 l'usure, qui se nettoie tout seul pendant qu'il fonctionne. Profitez de sols durs hygi\u00e9niquement propres, sans rayures et beaux.<\/p>","protected":false},"featured_media":3441,"template":"","meta":{"_acf_changed":false},"product_brand":[],"product_cat":[23],"product_tag":[69],"class_list":{"0":"post-3221","1":"product","2":"type-product","3":"status-publish","4":"has-post-thumbnail","6":"product_cat-hizero","7":"product_tag-meest-gekozen","9":"first","10":"instock","11":"taxable","12":"shipping-taxable","13":"purchasable","14":"product-type-simple"},"acf":[],"_links":{"self":[{"href":"https:\/\/hizero.be\/fr\/wp-json\/wp\/v2\/product\/3221","targetHints":{"allow":["GET"]}}],"collection":[{"href":"https:\/\/hizero.be\/fr\/wp-json\/wp\/v2\/product"}],"about":[{"href":"https:\/\/hizero.be\/fr\/wp-json\/wp\/v2\/types\/product"}],"wp:featuredmedia":[{"embeddable":true,"href":"https:\/\/hizero.be\/fr\/wp-json\/wp\/v2\/media\/3441"}],"wp:attachment":[{"href":"https:\/\/hizero.be\/fr\/wp-json\/wp\/v2\/media?parent=3221"}],"wp:term":[{"taxonomy":"product_brand","embeddable":true,"href":"https:\/\/hizero.be\/fr\/wp-json\/wp\/v2\/product_brand?post=3221"},{"taxonomy":"product_cat","embeddable":true,"href":"https:\/\/hizero.be\/fr\/wp-json\/wp\/v2\/product_cat?post=3221"},{"taxonomy":"product_tag","embeddable":true,"href":"https:\/\/hizero.be\/fr\/wp-json\/wp\/v2\/product_tag?post=3221"}],"curies":[{"name":"wp","href":"https:\/\/api.w.org\/{rel}","templated":true}]}}