{"id":2986,"date":"2022-03-28T14:34:04","date_gmt":"2022-03-28T14:34:04","guid":{"rendered":"https:\/\/hizero.be\/?post_type=product&#038;p=2986"},"modified":"2025-03-25T13:38:17","modified_gmt":"2025-03-25T13:38:17","slug":"duo-pack-hizero-hygieneclean-customized-cleaning-solution-1000ml","status":"publish","type":"product","link":"https:\/\/hizero.be\/fr\/produits-2\/duo-pack-hizero-hygieneclean-customized-cleaning-solution-1000ml\/","title":{"rendered":"Duo-pack Hizero Hard Floor Cleaning Solution (1000ml)"},"content":{"rendered":"<p>La solution de nettoyage ultime sign\u00e9e Hizero\u2122 : \u00e9limine jusqu\u2019\u00e0 99,99 % des bact\u00e9ries et rend vos sols et votre appareil Hizero\u2122 impeccables\u202f! Gr\u00e2ce au pack duo, vous ne serez jamais \u00e0 court et vous ferez des \u00e9conomies \u2014 id\u00e9al ! Avec seulement 10 \u00e0 20 ml de solution et un r\u00e9servoir d\u2019eau propre, vos sols seront \u00e0 nouveau \u00e9clatants de propret\u00e9.<\/p>\n<ul>\n<li>Propret\u00e9 : Assure une maison propre et hygi\u00e9nique.<\/li>\n<li>Nettoyage polyvalent : Efficace sur tous les types de sols durs, y compris le bois, le carrelage, le stratifi\u00e9 et le vinyle.<\/li>\n<li>Sans r\u00e9sidus : Nettoie en profondeur sans laisser de traces ni de r\u00e9sidus.<\/li>\n<li>Formule non toxique : Parfaite pour les foyers avec enfants et animaux.<\/li>\n<li>Adapt\u00e9e aux animaux : Id\u00e9ale pour les maisons avec des animaux domestiques, \u00e9limine les salet\u00e9s tenaces et les mauvaises odeurs.<\/li>\n<li>Compatible avec Hizero : Con\u00e7ue pour fonctionner parfaitement avec les syst\u00e8mes de nettoyage de sol Hizero.<\/li>\n<\/ul>","protected":false},"excerpt":{"rendered":"<p>&nbsp;<\/p>\n<p><input id=\"has-katalon-add-on\" type=\"hidden\" \/><\/p>","protected":false},"featured_media":2987,"template":"","meta":{"_acf_changed":false},"product_brand":[],"product_cat":[20],"product_tag":[],"class_list":{"0":"post-2986","1":"product","2":"type-product","3":"status-publish","4":"has-post-thumbnail","6":"product_cat-accessoires","8":"first","9":"instock","10":"taxable","11":"shipping-taxable","12":"purchasable","13":"product-type-variable"},"acf":[],"_links":{"self":[{"href":"https:\/\/hizero.be\/fr\/wp-json\/wp\/v2\/product\/2986","targetHints":{"allow":["GET"]}}],"collection":[{"href":"https:\/\/hizero.be\/fr\/wp-json\/wp\/v2\/product"}],"about":[{"href":"https:\/\/hizero.be\/fr\/wp-json\/wp\/v2\/types\/product"}],"wp:featuredmedia":[{"embeddable":true,"href":"https:\/\/hizero.be\/fr\/wp-json\/wp\/v2\/media\/2987"}],"wp:attachment":[{"href":"https:\/\/hizero.be\/fr\/wp-json\/wp\/v2\/media?parent=2986"}],"wp:term":[{"taxonomy":"product_brand","embeddable":true,"href":"https:\/\/hizero.be\/fr\/wp-json\/wp\/v2\/product_brand?post=2986"},{"taxonomy":"product_cat","embeddable":true,"href":"https:\/\/hizero.be\/fr\/wp-json\/wp\/v2\/product_cat?post=2986"},{"taxonomy":"product_tag","embeddable":true,"href":"https:\/\/hizero.be\/fr\/wp-json\/wp\/v2\/product_tag?post=2986"}],"curies":[{"name":"wp","href":"https:\/\/api.w.org\/{rel}","templated":true}]}}