{"id":2984,"date":"2022-03-28T14:32:24","date_gmt":"2022-03-28T14:32:24","guid":{"rendered":"https:\/\/hizero.be\/?post_type=product&#038;p=2984"},"modified":"2025-03-25T13:38:34","modified_gmt":"2025-03-25T13:38:34","slug":"hizero-maintenance-pack","status":"publish","type":"product","link":"https:\/\/hizero.be\/fr\/produits-2\/hizero-maintenance-pack\/","title":{"rendered":"Pack de maintenance Hizero"},"content":{"rendered":"<p>Nos produits les plus utilis\u00e9s, r\u00e9unis dans un pack pratique tout-en-un ! Avec un rouleau de nettoyage, un rouleau-brosse et 1\u2009L de produit de nettoyage Hizero\u2122 dans un seul paquet, vous \u00eates imm\u00e9diatement pr\u00eat pour le grand nettoyage et vous avez tous les mat\u00e9riaux pour assurer une longue dur\u00e9e de vie \u00e0 votre Hizero\u2122.<\/p>\n<p>En rempla\u00e7ant les rouleaux au moins tous les six mois, vous vous assurez que la puissance de nettoyage ne diminue pas et avec le produit de nettoyage inclus, vous n'aurez jamais le mauvais d\u00e9tergent.<\/p>","protected":false},"excerpt":{"rendered":"<p>&nbsp;<\/p>\n<p><input id=\"has-katalon-add-on\" type=\"hidden\" \/><\/p>","protected":false},"featured_media":3478,"template":"","meta":{"_acf_changed":false},"product_brand":[],"product_cat":[20],"product_tag":[],"class_list":{"0":"post-2984","1":"product","2":"type-product","3":"status-publish","4":"has-post-thumbnail","6":"product_cat-accessoires","8":"first","9":"instock","10":"taxable","11":"shipping-taxable","12":"purchasable","13":"product-type-variable"},"acf":[],"_links":{"self":[{"href":"https:\/\/hizero.be\/fr\/wp-json\/wp\/v2\/product\/2984","targetHints":{"allow":["GET"]}}],"collection":[{"href":"https:\/\/hizero.be\/fr\/wp-json\/wp\/v2\/product"}],"about":[{"href":"https:\/\/hizero.be\/fr\/wp-json\/wp\/v2\/types\/product"}],"wp:featuredmedia":[{"embeddable":true,"href":"https:\/\/hizero.be\/fr\/wp-json\/wp\/v2\/media\/3478"}],"wp:attachment":[{"href":"https:\/\/hizero.be\/fr\/wp-json\/wp\/v2\/media?parent=2984"}],"wp:term":[{"taxonomy":"product_brand","embeddable":true,"href":"https:\/\/hizero.be\/fr\/wp-json\/wp\/v2\/product_brand?post=2984"},{"taxonomy":"product_cat","embeddable":true,"href":"https:\/\/hizero.be\/fr\/wp-json\/wp\/v2\/product_cat?post=2984"},{"taxonomy":"product_tag","embeddable":true,"href":"https:\/\/hizero.be\/fr\/wp-json\/wp\/v2\/product_tag?post=2984"}],"curies":[{"name":"wp","href":"https:\/\/api.w.org\/{rel}","templated":true}]}}