{"id":2981,"date":"2022-03-28T14:31:48","date_gmt":"2022-03-28T14:31:48","guid":{"rendered":"https:\/\/hizero.be\/?post_type=product&#038;p=2981"},"modified":"2023-06-02T12:45:31","modified_gmt":"2023-06-02T12:45:31","slug":"schoonwater-tank-met-deksel","status":"publish","type":"product","link":"https:\/\/hizero.be\/fr\/produits-2\/schoonwater-tank-met-deksel\/","title":{"rendered":"R\u00e9servoir d'eau propre (avec couvercle)"},"content":{"rendered":"<p>Le r\u00e9servoir d'eau propre Hizero\u2122, avec couvercle, convient pour l'eau chaude et l'eau froide. Avec ce r\u00e9servoir d'eau propre, votre nettoyage restera bien organis\u00e9. Avec une capacit\u00e9 de 500\u2009ml, vous pouvez nettoyer 50 m\u00b2 de sol en un rien de temps. Pour des r\u00e9sultats optimaux, \u00e0 utiliser uniquement avec notre produit de nettoyage Hizero\u2122. L'ajout d\u2019autres produits chimiques n'est pas recommand\u00e9.<\/p>","protected":false},"excerpt":{"rendered":"<p>&nbsp;<\/p>\n<p><input id=\"has-katalon-add-on\" type=\"hidden\" \/><\/p>","protected":false},"featured_media":3459,"template":"","meta":{"_acf_changed":false},"product_brand":[],"product_cat":[20],"product_tag":[],"class_list":{"0":"post-2981","1":"product","2":"type-product","3":"status-publish","4":"has-post-thumbnail","6":"product_cat-accessoires","8":"first","9":"instock","10":"taxable","11":"shipping-taxable","12":"purchasable","13":"product-type-variable"},"acf":[],"_links":{"self":[{"href":"https:\/\/hizero.be\/fr\/wp-json\/wp\/v2\/product\/2981","targetHints":{"allow":["GET"]}}],"collection":[{"href":"https:\/\/hizero.be\/fr\/wp-json\/wp\/v2\/product"}],"about":[{"href":"https:\/\/hizero.be\/fr\/wp-json\/wp\/v2\/types\/product"}],"wp:featuredmedia":[{"embeddable":true,"href":"https:\/\/hizero.be\/fr\/wp-json\/wp\/v2\/media\/3459"}],"wp:attachment":[{"href":"https:\/\/hizero.be\/fr\/wp-json\/wp\/v2\/media?parent=2981"}],"wp:term":[{"taxonomy":"product_brand","embeddable":true,"href":"https:\/\/hizero.be\/fr\/wp-json\/wp\/v2\/product_brand?post=2981"},{"taxonomy":"product_cat","embeddable":true,"href":"https:\/\/hizero.be\/fr\/wp-json\/wp\/v2\/product_cat?post=2981"},{"taxonomy":"product_tag","embeddable":true,"href":"https:\/\/hizero.be\/fr\/wp-json\/wp\/v2\/product_tag?post=2981"}],"curies":[{"name":"wp","href":"https:\/\/api.w.org\/{rel}","templated":true}]}}