{"id":2976,"date":"2022-03-28T14:29:30","date_gmt":"2022-03-28T14:29:30","guid":{"rendered":"https:\/\/hizero.be\/?post_type=product&#038;p=2976"},"modified":"2025-01-10T13:06:56","modified_gmt":"2025-01-10T13:06:56","slug":"afvalwater-tank-met-deksel","status":"publish","type":"product","link":"https:\/\/hizero.be\/fr\/produits-2\/afvalwater-tank-met-deksel\/","title":{"rendered":"R\u00e9servoir d'eaux us\u00e9es (avec couvercle)"},"content":{"rendered":"<p>Le r\u00e9servoir d'eaux us\u00e9es Hizero\u2122 : indispensable lors de tout nettoyage ! Ce r\u00e9servoir permet de s'assurer que tout reste organis\u00e9, propre et s\u00e9par\u00e9. Pour une utilisation optimale, nous vous recommandons de nettoyer r\u00e9guli\u00e8rement le r\u00e9servoir d'eaux us\u00e9es Hizero\u2122 ; cela permet d'\u00e9viter les odeurs d\u00e9sagr\u00e9ables et les bact\u00e9ries, et de donner au r\u00e9servoir la plus longue dur\u00e9e de vie possible.<\/p>\n<p>Pour garantir une dur\u00e9e de vie optimale, nous recommandons de nettoyer chaque semaine le filtre en plastique ainsi que les capteurs en or situ\u00e9s dans le support du couvercle. Un Hizero\u2122 bien entretenu est un Hizero\u2122 satisfait !<\/p>\n<p><input id=\"has-katalon-add-on\" type=\"hidden\" \/><\/p>","protected":false},"excerpt":{"rendered":"<p>&nbsp;<\/p>\n<p><input id=\"has-katalon-add-on\" type=\"hidden\" \/><\/p>","protected":false},"featured_media":3465,"template":"","meta":{"_acf_changed":false},"product_brand":[],"product_cat":[20],"product_tag":[],"class_list":{"0":"post-2976","1":"product","2":"type-product","3":"status-publish","4":"has-post-thumbnail","6":"product_cat-accessoires","8":"first","9":"instock","10":"taxable","11":"shipping-taxable","12":"purchasable","13":"product-type-variable"},"acf":[],"_links":{"self":[{"href":"https:\/\/hizero.be\/fr\/wp-json\/wp\/v2\/product\/2976","targetHints":{"allow":["GET"]}}],"collection":[{"href":"https:\/\/hizero.be\/fr\/wp-json\/wp\/v2\/product"}],"about":[{"href":"https:\/\/hizero.be\/fr\/wp-json\/wp\/v2\/types\/product"}],"wp:featuredmedia":[{"embeddable":true,"href":"https:\/\/hizero.be\/fr\/wp-json\/wp\/v2\/media\/3465"}],"wp:attachment":[{"href":"https:\/\/hizero.be\/fr\/wp-json\/wp\/v2\/media?parent=2976"}],"wp:term":[{"taxonomy":"product_brand","embeddable":true,"href":"https:\/\/hizero.be\/fr\/wp-json\/wp\/v2\/product_brand?post=2976"},{"taxonomy":"product_cat","embeddable":true,"href":"https:\/\/hizero.be\/fr\/wp-json\/wp\/v2\/product_cat?post=2976"},{"taxonomy":"product_tag","embeddable":true,"href":"https:\/\/hizero.be\/fr\/wp-json\/wp\/v2\/product_tag?post=2976"}],"curies":[{"name":"wp","href":"https:\/\/api.w.org\/{rel}","templated":true}]}}