{"id":2972,"date":"2022-03-28T14:26:42","date_gmt":"2022-03-28T14:26:42","guid":{"rendered":"https:\/\/hizero.be\/?post_type=product&#038;p=2972"},"modified":"2024-02-21T13:38:43","modified_gmt":"2024-02-21T13:38:43","slug":"harde-afvaltray-groen","status":"publish","type":"product","link":"https:\/\/hizero.be\/fr\/produits-2\/harde-afvaltray-groen\/","title":{"rendered":"Harde Afvaltray"},"content":{"rendered":"<p>La poubelle Hizero\u2122 avec une couleur verte saisissante : dot\u00e9e d\u2019un rebord en caoutchouc noir qui \u00e9vite les rayures sur votre sol. Le rebord en caoutchouc am\u00e9liore la prise des d\u00e9chets et aucune salet\u00e9 n'est laiss\u00e9e derri\u00e8re !<\/p>","protected":false},"excerpt":{"rendered":"<p>&nbsp;<\/p>\n<p><input id=\"has-katalon-add-on\" type=\"hidden\" \/><\/p>","protected":false},"featured_media":3466,"template":"","meta":{"_acf_changed":false},"product_brand":[],"product_cat":[20],"product_tag":[],"class_list":{"0":"post-2972","1":"product","2":"type-product","3":"status-publish","4":"has-post-thumbnail","6":"product_cat-accessoires","8":"first","9":"instock","10":"taxable","11":"shipping-taxable","12":"purchasable","13":"product-type-variable"},"acf":[],"_links":{"self":[{"href":"https:\/\/hizero.be\/fr\/wp-json\/wp\/v2\/product\/2972","targetHints":{"allow":["GET"]}}],"collection":[{"href":"https:\/\/hizero.be\/fr\/wp-json\/wp\/v2\/product"}],"about":[{"href":"https:\/\/hizero.be\/fr\/wp-json\/wp\/v2\/types\/product"}],"wp:featuredmedia":[{"embeddable":true,"href":"https:\/\/hizero.be\/fr\/wp-json\/wp\/v2\/media\/3466"}],"wp:attachment":[{"href":"https:\/\/hizero.be\/fr\/wp-json\/wp\/v2\/media?parent=2972"}],"wp:term":[{"taxonomy":"product_brand","embeddable":true,"href":"https:\/\/hizero.be\/fr\/wp-json\/wp\/v2\/product_brand?post=2972"},{"taxonomy":"product_cat","embeddable":true,"href":"https:\/\/hizero.be\/fr\/wp-json\/wp\/v2\/product_cat?post=2972"},{"taxonomy":"product_tag","embeddable":true,"href":"https:\/\/hizero.be\/fr\/wp-json\/wp\/v2\/product_tag?post=2972"}],"curies":[{"name":"wp","href":"https:\/\/api.w.org\/{rel}","templated":true}]}}