{"id":2968,"date":"2022-03-28T14:24:39","date_gmt":"2022-03-28T14:24:39","guid":{"rendered":"https:\/\/hizero.be\/?post_type=product&#038;p=2968"},"modified":"2024-02-21T13:36:44","modified_gmt":"2024-02-21T13:36:44","slug":"polymeren-schoonmaak-roller","status":"publish","type":"product","link":"https:\/\/hizero.be\/fr\/produits-2\/polymeren-schoonmaak-roller\/","title":{"rendered":"Rouleau de nettoyage en polym\u00e8re"},"content":{"rendered":"<p>Le puissant rouleau de nettoyage en polym\u00e8re est con\u00e7u pour que vos sols redeviennent impeccables. Ce rouleau n'est pas seulement parfait pour se d\u00e9barrasser de la salet\u00e9 : il passe aussi le balai lavant ! En changeant le rouleau tous les 6 mois, vous vous assurez que vos sols restent propres (un rouleau ab\u00eem\u00e9 aura un pouvoir de nettoyage r\u00e9duit et laissera un exc\u00e8s d'eau sur le sol).<\/p>","protected":false},"excerpt":{"rendered":"<p>&nbsp;<\/p>\n<p><input id=\"has-katalon-add-on\" type=\"hidden\" \/><\/p>","protected":false},"featured_media":3470,"template":"","meta":{"_acf_changed":false},"product_brand":[],"product_cat":[20],"product_tag":[],"class_list":{"0":"post-2968","1":"product","2":"type-product","3":"status-publish","4":"has-post-thumbnail","6":"product_cat-accessoires","8":"first","9":"instock","10":"taxable","11":"shipping-taxable","12":"purchasable","13":"product-type-variable"},"acf":[],"_links":{"self":[{"href":"https:\/\/hizero.be\/fr\/wp-json\/wp\/v2\/product\/2968","targetHints":{"allow":["GET"]}}],"collection":[{"href":"https:\/\/hizero.be\/fr\/wp-json\/wp\/v2\/product"}],"about":[{"href":"https:\/\/hizero.be\/fr\/wp-json\/wp\/v2\/types\/product"}],"wp:featuredmedia":[{"embeddable":true,"href":"https:\/\/hizero.be\/fr\/wp-json\/wp\/v2\/media\/3470"}],"wp:attachment":[{"href":"https:\/\/hizero.be\/fr\/wp-json\/wp\/v2\/media?parent=2968"}],"wp:term":[{"taxonomy":"product_brand","embeddable":true,"href":"https:\/\/hizero.be\/fr\/wp-json\/wp\/v2\/product_brand?post=2968"},{"taxonomy":"product_cat","embeddable":true,"href":"https:\/\/hizero.be\/fr\/wp-json\/wp\/v2\/product_cat?post=2968"},{"taxonomy":"product_tag","embeddable":true,"href":"https:\/\/hizero.be\/fr\/wp-json\/wp\/v2\/product_tag?post=2968"}],"curies":[{"name":"wp","href":"https:\/\/api.w.org\/{rel}","templated":true}]}}