{"id":2962,"date":"2022-03-28T14:23:10","date_gmt":"2022-03-28T14:23:10","guid":{"rendered":"https:\/\/hizero.be\/?post_type=product&#038;p=2962"},"modified":"2024-03-04T08:22:37","modified_gmt":"2024-03-04T08:22:37","slug":"borstel-roller","status":"publish","type":"product","link":"https:\/\/hizero.be\/fr\/produits-2\/borstel-roller\/","title":{"rendered":"Rouleau-brosse"},"content":{"rendered":"<p>Notre rouleau brosse Hizero\u2122 : essentiel pour la performance de votre produit Hizero\u2122 ! Pour garantir des performances optimales cette brosse doit \u00eatre remplac\u00e9e tous les 6 mois, en m\u00eame temps que la brosse de nettoyage.Les brosses us\u00e9es n'\u00e9limineront pas la salet\u00e9 de mani\u00e8re optimale du rouleau de nettoyage et ne donneront pas le r\u00e9sultat souhait\u00e9.<\/p>","protected":false},"excerpt":{"rendered":"<p>&nbsp;<\/p>\n<p><input id=\"has-katalon-add-on\" type=\"hidden\" \/><\/p>","protected":false},"featured_media":3475,"template":"","meta":{"_acf_changed":false},"product_brand":[],"product_cat":[20],"product_tag":[],"class_list":{"0":"post-2962","1":"product","2":"type-product","3":"status-publish","4":"has-post-thumbnail","6":"product_cat-accessoires","8":"first","9":"instock","10":"taxable","11":"shipping-taxable","12":"purchasable","13":"product-type-variable"},"acf":[],"_links":{"self":[{"href":"https:\/\/hizero.be\/fr\/wp-json\/wp\/v2\/product\/2962","targetHints":{"allow":["GET"]}}],"collection":[{"href":"https:\/\/hizero.be\/fr\/wp-json\/wp\/v2\/product"}],"about":[{"href":"https:\/\/hizero.be\/fr\/wp-json\/wp\/v2\/types\/product"}],"wp:featuredmedia":[{"embeddable":true,"href":"https:\/\/hizero.be\/fr\/wp-json\/wp\/v2\/media\/3475"}],"wp:attachment":[{"href":"https:\/\/hizero.be\/fr\/wp-json\/wp\/v2\/media?parent=2962"}],"wp:term":[{"taxonomy":"product_brand","embeddable":true,"href":"https:\/\/hizero.be\/fr\/wp-json\/wp\/v2\/product_brand?post=2962"},{"taxonomy":"product_cat","embeddable":true,"href":"https:\/\/hizero.be\/fr\/wp-json\/wp\/v2\/product_cat?post=2962"},{"taxonomy":"product_tag","embeddable":true,"href":"https:\/\/hizero.be\/fr\/wp-json\/wp\/v2\/product_tag?post=2962"}],"curies":[{"name":"wp","href":"https:\/\/api.w.org\/{rel}","templated":true}]}}