{"id":771,"date":"2021-12-06T09:51:51","date_gmt":"2021-12-06T09:51:51","guid":{"rendered":"https:\/\/hizerocleaner.be\/?page_id=771"},"modified":"2023-06-01T14:08:43","modified_gmt":"2023-06-01T14:08:43","slug":"news","status":"publish","type":"page","link":"https:\/\/hizero.be\/fr\/news\/","title":{"rendered":"News"},"content":{"rendered":"<div data-elementor-type=\"wp-page\" data-elementor-id=\"771\" class=\"elementor elementor-771\" data-elementor-post-type=\"page\">\n\t\t\t\t\t\t<section class=\"elementor-section elementor-top-section elementor-element elementor-element-34204608 elementor-section-height-min-height elementor-section-stretched elementor-section-items-bottom elementor-section-boxed elementor-section-height-default\" data-id=\"34204608\" data-element_type=\"section\" data-e-type=\"section\" data-settings=\"{&quot;stretch_section&quot;:&quot;section-stretched&quot;,&quot;background_background&quot;:&quot;classic&quot;,&quot;shape_divider_bottom&quot;:&quot;opacity-tilt&quot;}\">\n\t\t\t\t\t<div class=\"elementor-shape elementor-shape-bottom\" aria-hidden=\"true\" data-negative=\"false\">\n\t\t\t<svg xmlns=\"http:\/\/www.w3.org\/2000\/svg\" viewbox=\"0 0 2600 131.1\" preserveaspectratio=\"none\">\n\t<path class=\"elementor-shape-fill\" d=\"M0 0L2600 0 2600 69.1 0 0z\"\/>\n\t<path class=\"elementor-shape-fill\" style=\"opacity:0.5\" d=\"M0 0L2600 0 2600 69.1 0 69.1z\"\/>\n\t<path class=\"elementor-shape-fill\" style=\"opacity:0.25\" d=\"M2600 0L0 0 0 130.1 2600 69.1z\"\/>\n<\/svg>\t\t<\/div>\n\t\t\t\t\t<div class=\"elementor-container elementor-column-gap-default\">\n\t\t\t\t\t<div class=\"elementor-column elementor-col-100 elementor-top-column elementor-element elementor-element-7314ffdc\" data-id=\"7314ffdc\" data-element_type=\"column\" data-e-type=\"column\">\n\t\t\t<div class=\"elementor-widget-wrap elementor-element-populated\">\n\t\t\t\t\t\t<div class=\"elementor-element elementor-element-2f05b34e elementor-widget elementor-widget-global elementor-global-804 elementor-widget-heading\" data-id=\"2f05b34e\" data-element_type=\"widget\" data-e-type=\"widget\" data-widget_type=\"heading.default\">\n\t\t\t\t<div class=\"elementor-widget-container\">\n\t\t\t\t\t<div class=\"elementor-heading-title elementor-size-default\">News<\/div>\t\t\t\t<\/div>\n\t\t\t\t<\/div>\n\t\t\t\t\t<\/div>\n\t\t<\/div>\n\t\t\t\t\t<\/div>\n\t\t<\/section>\n\t\t\t\t<section class=\"elementor-section elementor-top-section elementor-element elementor-element-7e451deb elementor-section-full_width elementor-section-stretched elementor-section-height-default elementor-section-height-default\" data-id=\"7e451deb\" data-element_type=\"section\" data-e-type=\"section\" data-settings=\"{&quot;stretch_section&quot;:&quot;section-stretched&quot;,&quot;background_background&quot;:&quot;classic&quot;}\">\n\t\t\t\t\t\t<div class=\"elementor-container elementor-column-gap-wide\">\n\t\t\t\t\t<div class=\"elementor-column elementor-col-100 elementor-top-column elementor-element elementor-element-3832453b\" data-id=\"3832453b\" data-element_type=\"column\" data-e-type=\"column\">\n\t\t\t<div class=\"elementor-widget-wrap elementor-element-populated\">\n\t\t\t\t\t\t<div class=\"elementor-element elementor-element-6e143e19 elementor-invisible elementor-widget elementor-widget-heading\" data-id=\"6e143e19\" data-element_type=\"widget\" data-e-type=\"widget\" data-settings=\"{&quot;_animation&quot;:&quot;fadeInDown&quot;}\" data-widget_type=\"heading.default\">\n\t\t\t\t<div class=\"elementor-widget-container\">\n\t\t\t\t\t<h1 class=\"elementor-heading-title elementor-size-default\">Aper\u00e7u des actualit\u00e9s<\/h1>\t\t\t\t<\/div>\n\t\t\t\t<\/div>\n\t\t\t\t<div class=\"elementor-element elementor-element-753748d0 elementor-invisible elementor-widget elementor-widget-text-editor\" data-id=\"753748d0\" data-element_type=\"widget\" data-e-type=\"widget\" data-settings=\"{&quot;_animation&quot;:&quot;fadeInUp&quot;}\" data-widget_type=\"text-editor.default\">\n\t\t\t\t<div class=\"elementor-widget-container\">\n\t\t\t\t\t\t\t\t\t<p>Vous trouverez ci-dessous les derni\u00e8res nouvelles\u2026<\/p><p>Vous voulez rester inform\u00e9 des derni\u00e8res nouvelles? Inscrivez-vous ci-dessous pour notre newsletter.<\/p>\t\t\t\t\t\t\t\t<\/div>\n\t\t\t\t<\/div>\n\t\t\t\t\t<\/div>\n\t\t<\/div>\n\t\t\t\t\t<\/div>\n\t\t<\/section>\n\t\t\t\t<section class=\"elementor-section elementor-top-section elementor-element elementor-element-21599ecc elementor-section-stretched latest-news elementor-section-boxed elementor-section-height-default elementor-section-height-default\" data-id=\"21599ecc\" data-element_type=\"section\" data-e-type=\"section\" data-settings=\"{&quot;stretch_section&quot;:&quot;section-stretched&quot;,&quot;background_background&quot;:&quot;classic&quot;,&quot;shape_divider_top&quot;:&quot;opacity-tilt&quot;}\">\n\t\t\t\t\t<div class=\"elementor-shape elementor-shape-top\" aria-hidden=\"true\" data-negative=\"false\">\n\t\t\t<svg xmlns=\"http:\/\/www.w3.org\/2000\/svg\" viewbox=\"0 0 2600 131.1\" preserveaspectratio=\"none\">\n\t<path class=\"elementor-shape-fill\" d=\"M0 0L2600 0 2600 69.1 0 0z\"\/>\n\t<path class=\"elementor-shape-fill\" style=\"opacity:0.5\" d=\"M0 0L2600 0 2600 69.1 0 69.1z\"\/>\n\t<path class=\"elementor-shape-fill\" style=\"opacity:0.25\" d=\"M2600 0L0 0 0 130.1 2600 69.1z\"\/>\n<\/svg>\t\t<\/div>\n\t\t\t\t\t<div class=\"elementor-container elementor-column-gap-wide\">\n\t\t\t\t\t<div class=\"elementor-column elementor-col-100 elementor-top-column elementor-element elementor-element-650b80ea\" data-id=\"650b80ea\" data-element_type=\"column\" data-e-type=\"column\">\n\t\t\t<div class=\"elementor-widget-wrap elementor-element-populated\">\n\t\t\t\t\t\t<div class=\"elementor-element elementor-element-6276149 elementor-posts__hover-none elementor-grid-3 elementor-grid-tablet-2 elementor-grid-mobile-1 elementor-posts--thumbnail-top elementor-card-shadow-yes elementor-widget elementor-widget-posts\" data-id=\"6276149\" data-element_type=\"widget\" data-e-type=\"widget\" data-settings=\"{&quot;cards_columns&quot;:&quot;3&quot;,&quot;cards_columns_tablet&quot;:&quot;2&quot;,&quot;cards_columns_mobile&quot;:&quot;1&quot;,&quot;cards_row_gap&quot;:{&quot;unit&quot;:&quot;px&quot;,&quot;size&quot;:35,&quot;sizes&quot;:[]},&quot;cards_row_gap_tablet&quot;:{&quot;unit&quot;:&quot;px&quot;,&quot;size&quot;:&quot;&quot;,&quot;sizes&quot;:[]},&quot;cards_row_gap_mobile&quot;:{&quot;unit&quot;:&quot;px&quot;,&quot;size&quot;:&quot;&quot;,&quot;sizes&quot;:[]}}\" data-widget_type=\"posts.cards\">\n\t\t\t\t<div class=\"elementor-widget-container\">\n\t\t\t\t\t\t\t<div class=\"elementor-posts-container elementor-posts elementor-posts--skin-cards elementor-grid\" role=\"list\">\n\t\t\t\t<article class=\"elementor-post elementor-grid-item post-1161 post type-post status-publish format-standard has-post-thumbnail hentry category-nieuws\" role=\"listitem\">\n\t\t\t<div class=\"elementor-post__card\">\n\t\t\t\t<a class=\"elementor-post__thumbnail__link\" href=\"https:\/\/hizero.be\/fr\/een-verfrissende-benadering-van-de-schoonmaak\/\" tabindex=\"-1\" ><div class=\"elementor-post__thumbnail\"><img fetchpriority=\"high\" decoding=\"async\" width=\"300\" height=\"169\" src=\"https:\/\/hizero.be\/wp-content\/uploads\/2021\/12\/fresh-approach-300x169.webp\" class=\"attachment-medium size-medium wp-image-1162\" alt=\"\" srcset=\"https:\/\/hizero.be\/wp-content\/uploads\/2021\/12\/fresh-approach-300x169.webp 300w, https:\/\/hizero.be\/wp-content\/uploads\/2021\/12\/fresh-approach-600x338.webp 600w, https:\/\/hizero.be\/wp-content\/uploads\/2021\/12\/fresh-approach-768x432.webp 768w, https:\/\/hizero.be\/wp-content\/uploads\/2021\/12\/fresh-approach.webp 910w\" sizes=\"(max-width: 300px) 100vw, 300px\" \/><\/div><\/a>\n\t\t\t\t<div class=\"elementor-post__badge\">News<\/div>\n\t\t\t\t<div class=\"elementor-post__text\">\n\t\t\t\t<h3 class=\"elementor-post__title\">\n\t\t\t<a href=\"https:\/\/hizero.be\/fr\/een-verfrissende-benadering-van-de-schoonmaak\/\" >\n\t\t\t\tUne approche rafra\u00eechissante du nettoyage\t\t\t<\/a>\n\t\t<\/h3>\n\t\t\t\t<div class=\"elementor-post__excerpt\">\n\t\t\t<p>Quiconque pr\u00e9tend qu'il n'y a rien de nouveau sous le soleil a tort.<\/p>\n\t\t<\/div>\n\t\t\n\t\t<a class=\"elementor-post__read-more\" href=\"https:\/\/hizero.be\/fr\/een-verfrissende-benadering-van-de-schoonmaak\/\" aria-label=\"Read more about Een verfrissende benadering van de schoonmaak\" tabindex=\"-1\" >\n\t\t\tLire la suite \"\t\t<\/a>\n\n\t\t\t\t<\/div>\n\t\t\t\t\t<\/div>\n\t\t<\/article>\n\t\t\t\t<article class=\"elementor-post elementor-grid-item post-1144 post type-post status-publish format-standard has-post-thumbnail hentry category-nieuws\" role=\"listitem\">\n\t\t\t<div class=\"elementor-post__card\">\n\t\t\t\t<a class=\"elementor-post__thumbnail__link\" href=\"https:\/\/hizero.be\/fr\/hizero-vereerd-met-medaille-op-de-prestigieuze-us-edison-award\/\" tabindex=\"-1\" ><div class=\"elementor-post__thumbnail\"><img decoding=\"async\" width=\"300\" height=\"169\" src=\"https:\/\/hizero.be\/wp-content\/uploads\/2021\/12\/edison-award-300x169.webp\" class=\"attachment-medium size-medium wp-image-1145\" alt=\"\" srcset=\"https:\/\/hizero.be\/wp-content\/uploads\/2021\/12\/edison-award-300x169.webp 300w, https:\/\/hizero.be\/wp-content\/uploads\/2021\/12\/edison-award-600x338.webp 600w, https:\/\/hizero.be\/wp-content\/uploads\/2021\/12\/edison-award-768x432.webp 768w, https:\/\/hizero.be\/wp-content\/uploads\/2021\/12\/edison-award.webp 910w\" sizes=\"(max-width: 300px) 100vw, 300px\" \/><\/div><\/a>\n\t\t\t\t<div class=\"elementor-post__badge\">News<\/div>\n\t\t\t\t<div class=\"elementor-post__text\">\n\t\t\t\t<h3 class=\"elementor-post__title\">\n\t\t\t<a href=\"https:\/\/hizero.be\/fr\/hizero-vereerd-met-medaille-op-de-prestigieuze-us-edison-award\/\" >\n\t\t\t\tHizero r\u00e9compens\u00e9 par une m\u00e9daille au prestigieux US Edison Award\t\t\t<\/a>\n\t\t<\/h3>\n\t\t\t\t<div class=\"elementor-post__excerpt\">\n\t\t\t<p>Floor Cleaner Hizero a re\u00e7u une m\u00e9daille de bronze dans la cat\u00e9gorie \u00ab\u00a0entretien des sols\u00a0\u00bb aux prestigieux Edison Awards , un concours annuel qui r\u00e9compense le d\u00e9veloppement de nouveaux produits, la conception ax\u00e9e sur les personnes et l'innovation.<\/p>\n\t\t<\/div>\n\t\t\n\t\t<a class=\"elementor-post__read-more\" href=\"https:\/\/hizero.be\/fr\/hizero-vereerd-met-medaille-op-de-prestigieuze-us-edison-award\/\" aria-label=\"Read more about Hizero vereerd met medaille op de prestigieuze US Edison Award\" tabindex=\"-1\" >\n\t\t\tLire la suite \"\t\t<\/a>\n\n\t\t\t\t<\/div>\n\t\t\t\t\t<\/div>\n\t\t<\/article>\n\t\t\t\t<article class=\"elementor-post elementor-grid-item post-1113 post type-post status-publish format-standard has-post-thumbnail hentry category-nieuws\" role=\"listitem\">\n\t\t\t<div class=\"elementor-post__card\">\n\t\t\t\t<a class=\"elementor-post__thumbnail__link\" href=\"https:\/\/hizero.be\/fr\/hizero-stelt-zijn-nieuwste-baanbrekende-vloerreiniger-voor-op-de-shangai-awe-2021-world-expo\/\" tabindex=\"-1\" ><div class=\"elementor-post__thumbnail\"><img decoding=\"async\" width=\"300\" height=\"155\" src=\"https:\/\/hizero.be\/wp-content\/uploads\/2021\/12\/sdqcvzmvkrgwhmsxezeu-300x155.jpg\" class=\"attachment-medium size-medium wp-image-1117\" alt=\"\" srcset=\"https:\/\/hizero.be\/wp-content\/uploads\/2021\/12\/sdqcvzmvkrgwhmsxezeu-300x155.jpg 300w, https:\/\/hizero.be\/wp-content\/uploads\/2021\/12\/sdqcvzmvkrgwhmsxezeu-600x310.jpg 600w, https:\/\/hizero.be\/wp-content\/uploads\/2021\/12\/sdqcvzmvkrgwhmsxezeu-768x396.jpg 768w, https:\/\/hizero.be\/wp-content\/uploads\/2021\/12\/sdqcvzmvkrgwhmsxezeu.jpg 1000w\" sizes=\"(max-width: 300px) 100vw, 300px\" \/><\/div><\/a>\n\t\t\t\t<div class=\"elementor-post__badge\">News<\/div>\n\t\t\t\t<div class=\"elementor-post__text\">\n\t\t\t\t<h3 class=\"elementor-post__title\">\n\t\t\t<a href=\"https:\/\/hizero.be\/fr\/hizero-stelt-zijn-nieuwste-baanbrekende-vloerreiniger-voor-op-de-shangai-awe-2021-world-expo\/\" >\n\t\t\t\tHizero pr\u00e9sente son dernier nettoyant pour sols r\u00e9volutionnaire \u00e0 l'exposition universelle AWE 2021 de Shanghai\t\t\t<\/a>\n\t\t<\/h3>\n\t\t\t\t<div class=\"elementor-post__excerpt\">\n\t\t\t<p>Aujourd'hui, Hizero, le fabricant chinois d'appareils \u00e9lectrom\u00e9nagers haut de gamme, a pr\u00e9sent\u00e9 son dernier nettoyeur de sol tout-en-un.<\/p>\n\t\t<\/div>\n\t\t\n\t\t<a class=\"elementor-post__read-more\" href=\"https:\/\/hizero.be\/fr\/hizero-stelt-zijn-nieuwste-baanbrekende-vloerreiniger-voor-op-de-shangai-awe-2021-world-expo\/\" aria-label=\"Read more about Hizero stelt zijn nieuwste baanbrekende vloerreiniger voor op de Shangai AWE 2021 World Expo\" tabindex=\"-1\" >\n\t\t\tLire la suite \"\t\t<\/a>\n\n\t\t\t\t<\/div>\n\t\t\t\t\t<\/div>\n\t\t<\/article>\n\t\t\t\t<\/div>\n\t\t\n\t\t\t\t\t\t<\/div>\n\t\t\t\t<\/div>\n\t\t\t\t\t<\/div>\n\t\t<\/div>\n\t\t\t\t\t<\/div>\n\t\t<\/section>\n\t\t\t\t<\/div>","protected":false},"excerpt":{"rendered":"<p>Nieuwsoverzicht Hieronder vindt u de laatste nieuwsberichten&#8230; Op de hoogte blijven van het laatste nieuws? Schrijf u hieronder in voor onze nieuwsbrief.<\/p>","protected":false},"author":1,"featured_media":0,"parent":0,"menu_order":0,"comment_status":"closed","ping_status":"closed","template":"","meta":{"_acf_changed":false,"footnotes":""},"class_list":["post-771","page","type-page","status-publish","hentry"],"acf":[],"_links":{"self":[{"href":"https:\/\/hizero.be\/fr\/wp-json\/wp\/v2\/pages\/771","targetHints":{"allow":["GET"]}}],"collection":[{"href":"https:\/\/hizero.be\/fr\/wp-json\/wp\/v2\/pages"}],"about":[{"href":"https:\/\/hizero.be\/fr\/wp-json\/wp\/v2\/types\/page"}],"author":[{"embeddable":true,"href":"https:\/\/hizero.be\/fr\/wp-json\/wp\/v2\/users\/1"}],"replies":[{"embeddable":true,"href":"https:\/\/hizero.be\/fr\/wp-json\/wp\/v2\/comments?post=771"}],"version-history":[{"count":63,"href":"https:\/\/hizero.be\/fr\/wp-json\/wp\/v2\/pages\/771\/revisions"}],"predecessor-version":[{"id":3377,"href":"https:\/\/hizero.be\/fr\/wp-json\/wp\/v2\/pages\/771\/revisions\/3377"}],"wp:attachment":[{"href":"https:\/\/hizero.be\/fr\/wp-json\/wp\/v2\/media?parent=771"}],"curies":[{"name":"wp","href":"https:\/\/api.w.org\/{rel}","templated":true}]}}