{"id":757,"date":"2021-12-06T09:49:09","date_gmt":"2021-12-06T09:49:09","guid":{"rendered":"https:\/\/hizerocleaner.be\/?page_id=757"},"modified":"2023-06-01T13:23:34","modified_gmt":"2023-06-01T13:23:34","slug":"privacyverklaring","status":"publish","type":"page","link":"https:\/\/hizero.be\/fr\/privacyverklaring\/","title":{"rendered":"Conditions de livraison"},"content":{"rendered":"<div data-elementor-type=\"wp-page\" data-elementor-id=\"757\" class=\"elementor elementor-757\" data-elementor-post-type=\"page\">\n\t\t\t\t\t\t<section class=\"elementor-section elementor-top-section elementor-element elementor-element-1ea43ecb elementor-section-height-min-height elementor-section-stretched elementor-section-items-bottom elementor-section-boxed elementor-section-height-default\" data-id=\"1ea43ecb\" data-element_type=\"section\" data-e-type=\"section\" data-settings=\"{&quot;stretch_section&quot;:&quot;section-stretched&quot;,&quot;background_background&quot;:&quot;classic&quot;,&quot;shape_divider_top&quot;:&quot;opacity-tilt&quot;,&quot;shape_divider_bottom&quot;:&quot;opacity-tilt&quot;}\">\n\t\t\t\t\t<div class=\"elementor-shape elementor-shape-top\" aria-hidden=\"true\" data-negative=\"false\">\n\t\t\t<svg xmlns=\"http:\/\/www.w3.org\/2000\/svg\" viewbox=\"0 0 2600 131.1\" preserveaspectratio=\"none\">\n\t<path class=\"elementor-shape-fill\" d=\"M0 0L2600 0 2600 69.1 0 0z\"\/>\n\t<path class=\"elementor-shape-fill\" style=\"opacity:0.5\" d=\"M0 0L2600 0 2600 69.1 0 69.1z\"\/>\n\t<path class=\"elementor-shape-fill\" style=\"opacity:0.25\" d=\"M2600 0L0 0 0 130.1 2600 69.1z\"\/>\n<\/svg>\t\t<\/div>\n\t\t\t\t<div class=\"elementor-shape elementor-shape-bottom\" aria-hidden=\"true\" data-negative=\"false\">\n\t\t\t<svg xmlns=\"http:\/\/www.w3.org\/2000\/svg\" viewbox=\"0 0 2600 131.1\" preserveaspectratio=\"none\">\n\t<path class=\"elementor-shape-fill\" d=\"M0 0L2600 0 2600 69.1 0 0z\"\/>\n\t<path class=\"elementor-shape-fill\" style=\"opacity:0.5\" d=\"M0 0L2600 0 2600 69.1 0 69.1z\"\/>\n\t<path class=\"elementor-shape-fill\" style=\"opacity:0.25\" d=\"M2600 0L0 0 0 130.1 2600 69.1z\"\/>\n<\/svg>\t\t<\/div>\n\t\t\t\t\t<div class=\"elementor-container elementor-column-gap-default\">\n\t\t\t\t\t<div class=\"elementor-column elementor-col-100 elementor-top-column elementor-element elementor-element-7544cae4\" data-id=\"7544cae4\" data-element_type=\"column\" data-e-type=\"column\">\n\t\t\t<div class=\"elementor-widget-wrap elementor-element-populated\">\n\t\t\t\t\t\t<div class=\"elementor-element elementor-element-263b2b33 elementor-widget elementor-widget-global elementor-global-804 elementor-widget-heading\" data-id=\"263b2b33\" data-element_type=\"widget\" data-e-type=\"widget\" data-widget_type=\"heading.default\">\n\t\t\t\t<div class=\"elementor-widget-container\">\n\t\t\t\t\t<div class=\"elementor-heading-title elementor-size-default\">Conditions de livraison<\/div>\t\t\t\t<\/div>\n\t\t\t\t<\/div>\n\t\t\t\t\t<\/div>\n\t\t<\/div>\n\t\t\t\t\t<\/div>\n\t\t<\/section>\n\t\t\t\t<section class=\"elementor-section elementor-top-section elementor-element elementor-element-6fdf934f elementor-section-stretched elementor-reverse-mobile elementor-section-boxed elementor-section-height-default elementor-section-height-default\" data-id=\"6fdf934f\" data-element_type=\"section\" data-e-type=\"section\" data-settings=\"{&quot;stretch_section&quot;:&quot;section-stretched&quot;,&quot;background_background&quot;:&quot;classic&quot;}\">\n\t\t\t\t\t\t<div class=\"elementor-container elementor-column-gap-default\">\n\t\t\t\t\t<div class=\"elementor-column elementor-col-100 elementor-top-column elementor-element elementor-element-20fa5fb1\" data-id=\"20fa5fb1\" data-element_type=\"column\" data-e-type=\"column\">\n\t\t\t<div class=\"elementor-widget-wrap elementor-element-populated\">\n\t\t\t\t\t\t<div class=\"elementor-element elementor-element-3f8ff7fe elementor-invisible elementor-widget elementor-widget-heading\" data-id=\"3f8ff7fe\" data-element_type=\"widget\" data-e-type=\"widget\" data-settings=\"{&quot;_animation&quot;:&quot;fadeInDown&quot;}\" data-widget_type=\"heading.default\">\n\t\t\t\t<div class=\"elementor-widget-container\">\n\t\t\t\t\t<h1 class=\"elementor-heading-title elementor-size-default\">introduction<\/h1>\t\t\t\t<\/div>\n\t\t\t\t<\/div>\n\t\t\t\t<div class=\"elementor-element elementor-element-7e64a75 elementor-invisible elementor-widget elementor-widget-text-editor\" data-id=\"7e64a75\" data-element_type=\"widget\" data-e-type=\"widget\" data-settings=\"{&quot;_animation&quot;:&quot;fadeInUp&quot;}\" data-widget_type=\"text-editor.default\">\n\t\t\t\t<div class=\"elementor-widget-container\">\n\t\t\t\t\t\t\t\t\t<p>HIZERO Benelux consid\u00e8re la confidentialit\u00e9 des clients comme une partie importante de notre relation avec nos clients. \n\nLa politique de confidentialit\u00e9 ci-dessous s'applique \u00e0 tous les utilisateurs de HIZERO Benelux et est conforme aux normes de confidentialit\u00e9 sur Internet.<\/p><p>Si vous avez des questions ou des commentaires concernant cette d\u00e9claration, vous devez d'abord contacter le service client au +32 (0)56 71 54 51 <a href=\"tel:+3256715451\">+32(0)56 71 54 51<\/a>.<\/p>\t\t\t\t\t\t\t\t<\/div>\n\t\t\t\t<\/div>\n\t\t\t\t<div class=\"elementor-element elementor-element-7268678f elementor-invisible elementor-widget elementor-widget-heading\" data-id=\"7268678f\" data-element_type=\"widget\" data-e-type=\"widget\" data-settings=\"{&quot;_animation&quot;:&quot;fadeInDown&quot;}\" data-widget_type=\"heading.default\">\n\t\t\t\t<div class=\"elementor-widget-container\">\n\t\t\t\t\t<h2 class=\"elementor-heading-title elementor-size-default\">Collecte d'informations<\/h2>\t\t\t\t<\/div>\n\t\t\t\t<\/div>\n\t\t\t\t<div class=\"elementor-element elementor-element-7a4f9425 elementor-invisible elementor-widget elementor-widget-text-editor\" data-id=\"7a4f9425\" data-element_type=\"widget\" data-e-type=\"widget\" data-settings=\"{&quot;_animation&quot;:&quot;fadeInUp&quot;}\" data-widget_type=\"text-editor.default\">\n\t\t\t\t<div class=\"elementor-widget-container\">\n\t\t\t\t\t\t\t\t\t<p>Afin d'utiliser le site HIZERO Benelux, nous pouvons avoir besoin de vos donn\u00e9es afin de vous fournir le meilleur service possible. \n\nDe m\u00eame, toute correspondance pourra \u00eatre collect\u00e9e et conserv\u00e9e, notamment en ce qui concerne les ventes, le support et les comptes, y compris les e-mails<\/p>\n<h2>Utilisation des informations collect\u00e9es<\/h2>\n<p>Toutes les donn\u00e9es collect\u00e9es aupr\u00e8s des clients HIZERO Benelux sont n\u00e9cessaires pour la livraison de nos produits  et\/ou services, ainsi qu'un service client de haut niveau<\/p>\n<p>La correspondance est enregistr\u00e9e pour fournir des r\u00e9f\u00e9rences de service et contribuer au d\u00e9veloppement du personnel.<\/p>\n<h2>Stockage des donn\u00e9es collect\u00e9es<\/h2>\n<p>La s\u00e9curit\u00e9 de vos donn\u00e9es personnelles est importante pour nous. Lorsque vous saisissez des renseignements sensibles (tels que les num\u00e9ros de carte de cr\u00e9dit) sur notre site Web, nous chiffrons ces donn\u00e9es \u00e0 l'aide de la technologie Secure Socket Layer (SSL). Lorsque les donn\u00e9es de carte de cr\u00e9dit sont collect\u00e9es, nous les transmettons uniquement pour le traitement de la commande. Nous ne stockons jamais de mani\u00e8re permanente les donn\u00e9es compl\u00e8tes de cartes de cr\u00e9dit.<\/p>\n<p>Nous suivons les normes g\u00e9n\u00e9ralement accept\u00e9es de l'industrie pour prot\u00e9ger les donn\u00e9es personnelles qui nous sont fournies, \u00e0 la fois pendant la transmission et apr\u00e8s r\u00e9ception.<\/p>\n<p>Pour toute question concernant la s\u00e9curit\u00e9 sur notre site Web, vous pouvez nous envoyer un e-mail \u00e0 <a href=\"mailto:info@dancal.be\">info@dancal.be<\/a>.<\/p>\n<h2>Acc\u00e8s aux donn\u00e9es collect\u00e9es<\/h2>\n<p>Si vos donn\u00e9es personnelles changent, ou si vous ne souhaitez plus utiliser nos services, vous pouvez corriger, mettre \u00e0 jour, supprimer ou d\u00e9sactiver vos donn\u00e9es personnelles en nous envoyant un email \u00e0 <a href=\"mailto:info@dancal.be\">info@dancal.be<\/a>.<\/p>\n<h2>Commandes<\/h2>\n<p>Lorsque vous achetez un produit ou un service chez nous, nous pouvons vous demander certaines donn\u00e9es personnelles. Vous devrez peut-\u00eatre fournir vos coordonn\u00e9es (telles que votre nom, votre adresse e-mail et votre adresse postale) et les informations financi\u00e8res de votre fournisseur de paiement.<\/p>\n<p>Nous utilisons ces informations \u00e0 des fins de facturation et pour traiter votre commande. En cas de probl\u00e8me, nous utiliserons ces informations pour vous contacter.<\/p>\n<h2>la communication<\/h2>\n<p>HIZERO Benelux utilise les donn\u00e9es personnelles pour les communications essentielles, telles que les e-mails, les informations de compte et les services essentiels. Nous pouvons \u00e9galement utiliser ces donn\u00e9es \u00e0 d'autres fins, y compris certains e-mails promotionnels. Si, \u00e0 tout moment, un client ne souhaite pas recevoir une telle correspondance, il peut demander \u00e0 \u00eatre retir\u00e9 de toutes les listes de diffusion en nous envoyant un e-mail \u00e0 info@hizero.com.au<\/p>\n<p>Lorsque vos informations personnelles sont collect\u00e9es par un tiers autre que notre agent\/fournisseur de services, vous en serez inform\u00e9 afin que vous puissiez faire un choix \u00e9clair\u00e9 quant au partage ou non de vos informations avec cette partie.<\/p>\n<h2>Tiers<\/h2>\n<p>HIZERO Benelux peut, \u00e0 sa discr\u00e9tion, engager d'autres tiers pour fournir des services essentiels sur notre site ou pour nos processus commerciaux. Si n\u00e9cessaire, nous pouvons partager vos informations avec le tiers pour fournir ce service. Ces tiers ne sont pas autoris\u00e9s \u00e0 utiliser vos donn\u00e9es personnelles \u00e0 d'autres fins. HIZERO Benelux ne partage pas d'informations avec des tiers pour des utilisations inconnues ou non li\u00e9es.<\/p>\n<h2>L\u00e9gal<\/h2>\n<p>Nous nous r\u00e9servons le droit de divulguer vos informations personnelles conform\u00e9ment \u00e0 la loi et lorsque nous pensons que la divulgation est n\u00e9cessaire pour prot\u00e9ger nos droits et\/ou pour nous conformer \u00e0 une proc\u00e9dure judiciaire, une ordonnance d'un tribunal ou une proc\u00e9dure judiciaire en cours sur notre site Web.<\/p>\n<h2>Modifications de notre politique de confidentialit\u00e9<\/h2>\n<p>En cas de modifications de notre politique de confidentialit\u00e9, nous publierons les modifications apport\u00e9es \u00e0 cette d\u00e9claration de confidentialit\u00e9, sur la page d'accueil et \u00e0 d'autres endroits que nous jugerons appropri\u00e9s afin que vous sachiez quelles informations nous collectons, comment nous les utilisons et dans quelles circonstances, le cas \u00e9ch\u00e9ant, nous le rendons public. Nous nous r\u00e9servons le droit de modifier cette d\u00e9claration de confidentialit\u00e9 \u00e0 tout moment, veuillez donc la consulter r\u00e9guli\u00e8rement. Si nous apportons des modifications importantes \u00e0 cette politique, nous vous en informerons par e-mail ou en publiant un avis sur notre page d'accueil.<\/p>\n<h2>Politique de s\u00e9curit\u00e9<\/h2>\n<p>HIZERO Benelux utilise le STRIPE Payment Gateway pour ses transactions par carte de cr\u00e9dit en ligne. STRIPE traite les transactions par carte de cr\u00e9dit en ligne pour des milliers de commer\u00e7ants australiens et fournit un moyen s\u00e9curis\u00e9 de traiter les paiements sur Internet. Toutes les transactions par carte de cr\u00e9dit en ligne sur ce site sont effectu\u00e9es \u00e0 l'aide du STRIPE Payment Gateway.<\/p>\n<p>Les paiements sont enti\u00e8rement automatis\u00e9s avec une r\u00e9ponse instantan\u00e9e. \nIl n'est pas possible pour HIZERO ONLINE SALES ou tout tiers de voir votre num\u00e9ro de carte de cr\u00e9dit complet.<\/p>\n<p>Toutes les transactions sont effectu\u00e9es sous certificat SSL 128 bits. \n\nToutes les donn\u00e9es de transaction sont crypt\u00e9es pour \u00eatre stock\u00e9es dans le STRIPE Payment Gateway. https:\/\/stripe.com\/au<\/p>\n<p>Hizero online utilise \u00e9galement les plateformes de paiement PayPal, Afterpay et ZIP pour traiter les paiements en ligne. \n\nT\u00e9l\u00e9phone : (03) 9894 1400<\/p>\t\t\t\t\t\t\t\t<\/div>\n\t\t\t\t<\/div>\n\t\t\t\t\t<\/div>\n\t\t<\/div>\n\t\t\t\t\t<\/div>\n\t\t<\/section>\n\t\t\t\t<\/div>","protected":false},"excerpt":{"rendered":"<p>Introductie HIZERO Benelux beschouwt de privacy van klanten als een belangrijk onderdeel van onze relatie met onze klanten. Het volgende privacybeleid is van toepassing op alle HIZERO Benelux-gebruikers en voldoet aan de internet privacy-normen. Indien u, naar aanleiding van deze verklaring, vragen of opmerkingen heeft, dient u eerst contact op te nemen met de klantendienst &#8230; <a title=\"Conditions de livraison\" class=\"read-more\" href=\"https:\/\/hizero.be\/fr\/privacyverklaring\/\" aria-label=\"Read more about Privacyverklaring\">Lire la suite<\/a><\/p>","protected":false},"author":1,"featured_media":0,"parent":0,"menu_order":0,"comment_status":"closed","ping_status":"closed","template":"","meta":{"_acf_changed":false,"footnotes":""},"class_list":["post-757","page","type-page","status-publish"],"acf":[],"_links":{"self":[{"href":"https:\/\/hizero.be\/fr\/wp-json\/wp\/v2\/pages\/757","targetHints":{"allow":["GET"]}}],"collection":[{"href":"https:\/\/hizero.be\/fr\/wp-json\/wp\/v2\/pages"}],"about":[{"href":"https:\/\/hizero.be\/fr\/wp-json\/wp\/v2\/types\/page"}],"author":[{"embeddable":true,"href":"https:\/\/hizero.be\/fr\/wp-json\/wp\/v2\/users\/1"}],"replies":[{"embeddable":true,"href":"https:\/\/hizero.be\/fr\/wp-json\/wp\/v2\/comments?post=757"}],"version-history":[{"count":32,"href":"https:\/\/hizero.be\/fr\/wp-json\/wp\/v2\/pages\/757\/revisions"}],"predecessor-version":[{"id":3348,"href":"https:\/\/hizero.be\/fr\/wp-json\/wp\/v2\/pages\/757\/revisions\/3348"}],"wp:attachment":[{"href":"https:\/\/hizero.be\/fr\/wp-json\/wp\/v2\/media?parent=757"}],"curies":[{"name":"wp","href":"https:\/\/api.w.org\/{rel}","templated":true}]}}