{"id":2673,"date":"2022-02-21T13:03:32","date_gmt":"2022-02-21T13:03:32","guid":{"rendered":"https:\/\/hizerocleaner.be\/?page_id=2673"},"modified":"2023-06-01T13:21:46","modified_gmt":"2023-06-01T13:21:46","slug":"disclaimer","status":"publish","type":"page","link":"https:\/\/hizero.be\/fr\/disclaimer\/","title":{"rendered":"Avertissement"},"content":{"rendered":"<div data-elementor-type=\"wp-page\" data-elementor-id=\"2673\" class=\"elementor elementor-2673\" data-elementor-post-type=\"page\">\n\t\t\t\t\t\t<section class=\"elementor-section elementor-top-section elementor-element elementor-element-418c0357 elementor-section-height-min-height elementor-section-stretched elementor-section-items-bottom elementor-section-boxed elementor-section-height-default\" data-id=\"418c0357\" data-element_type=\"section\" data-e-type=\"section\" data-settings=\"{&quot;stretch_section&quot;:&quot;section-stretched&quot;,&quot;background_background&quot;:&quot;classic&quot;,&quot;shape_divider_top&quot;:&quot;opacity-tilt&quot;,&quot;shape_divider_bottom&quot;:&quot;opacity-tilt&quot;}\">\n\t\t\t\t\t<div class=\"elementor-shape elementor-shape-top\" aria-hidden=\"true\" data-negative=\"false\">\n\t\t\t<svg xmlns=\"http:\/\/www.w3.org\/2000\/svg\" viewbox=\"0 0 2600 131.1\" preserveaspectratio=\"none\">\n\t<path class=\"elementor-shape-fill\" d=\"M0 0L2600 0 2600 69.1 0 0z\"\/>\n\t<path class=\"elementor-shape-fill\" style=\"opacity:0.5\" d=\"M0 0L2600 0 2600 69.1 0 69.1z\"\/>\n\t<path class=\"elementor-shape-fill\" style=\"opacity:0.25\" d=\"M2600 0L0 0 0 130.1 2600 69.1z\"\/>\n<\/svg>\t\t<\/div>\n\t\t\t\t<div class=\"elementor-shape elementor-shape-bottom\" aria-hidden=\"true\" data-negative=\"false\">\n\t\t\t<svg xmlns=\"http:\/\/www.w3.org\/2000\/svg\" viewbox=\"0 0 2600 131.1\" preserveaspectratio=\"none\">\n\t<path class=\"elementor-shape-fill\" d=\"M0 0L2600 0 2600 69.1 0 0z\"\/>\n\t<path class=\"elementor-shape-fill\" style=\"opacity:0.5\" d=\"M0 0L2600 0 2600 69.1 0 69.1z\"\/>\n\t<path class=\"elementor-shape-fill\" style=\"opacity:0.25\" d=\"M2600 0L0 0 0 130.1 2600 69.1z\"\/>\n<\/svg>\t\t<\/div>\n\t\t\t\t\t<div class=\"elementor-container elementor-column-gap-default\">\n\t\t\t\t\t<div class=\"elementor-column elementor-col-100 elementor-top-column elementor-element elementor-element-654c2263\" data-id=\"654c2263\" data-element_type=\"column\" data-e-type=\"column\">\n\t\t\t<div class=\"elementor-widget-wrap elementor-element-populated\">\n\t\t\t\t\t\t<div class=\"elementor-element elementor-element-393cc3c7 elementor-widget elementor-widget-global elementor-global-804 elementor-widget-heading\" data-id=\"393cc3c7\" data-element_type=\"widget\" data-e-type=\"widget\" data-widget_type=\"heading.default\">\n\t\t\t\t<div class=\"elementor-widget-container\">\n\t\t\t\t\t<div class=\"elementor-heading-title elementor-size-default\">Avertissement<\/div>\t\t\t\t<\/div>\n\t\t\t\t<\/div>\n\t\t\t\t\t<\/div>\n\t\t<\/div>\n\t\t\t\t\t<\/div>\n\t\t<\/section>\n\t\t\t\t<section class=\"elementor-section elementor-top-section elementor-element elementor-element-5224663c elementor-section-full_width elementor-section-stretched elementor-section-height-default elementor-section-height-default\" data-id=\"5224663c\" data-element_type=\"section\" data-e-type=\"section\" data-settings=\"{&quot;stretch_section&quot;:&quot;section-stretched&quot;,&quot;background_background&quot;:&quot;classic&quot;}\">\n\t\t\t\t\t\t<div class=\"elementor-container elementor-column-gap-default\">\n\t\t\t\t\t<div class=\"elementor-column elementor-col-100 elementor-top-column elementor-element elementor-element-567b8b77\" data-id=\"567b8b77\" data-element_type=\"column\" data-e-type=\"column\">\n\t\t\t<div class=\"elementor-widget-wrap elementor-element-populated\">\n\t\t\t\t\t\t<div class=\"elementor-element elementor-element-37ae4da2 elementor-invisible elementor-widget elementor-widget-heading\" data-id=\"37ae4da2\" data-element_type=\"widget\" data-e-type=\"widget\" data-settings=\"{&quot;_animation&quot;:&quot;fadeInDown&quot;}\" data-widget_type=\"heading.default\">\n\t\t\t\t<div class=\"elementor-widget-container\">\n\t\t\t\t\t<h1 class=\"elementor-heading-title elementor-size-default\">Avertissement<\/h1>\t\t\t\t<\/div>\n\t\t\t\t<\/div>\n\t\t\t\t<div class=\"elementor-element elementor-element-778502e elementor-invisible elementor-widget elementor-widget-text-editor\" data-id=\"778502e\" data-element_type=\"widget\" data-e-type=\"widget\" data-settings=\"{&quot;_animation&quot;:&quot;fadeInUp&quot;}\" data-widget_type=\"text-editor.default\">\n\t\t\t\t<div class=\"elementor-widget-container\">\n\t\t\t\t\t\t\t\t\t<p>Les informations pr\u00e9sent\u00e9es sur ce site Web ont \u00e9t\u00e9 compil\u00e9es avec soin par Hizero, mais aucune garantie ne peut \u00eatre donn\u00e9e quant \u00e0 leur exactitude et leur exhaustivit\u00e9. Les informations fournies sur ce site peuvent \u00eatre modifi\u00e9es \u00e0 tout moment sans pr\u00e9avis.<\/p><p>Hizero d\u00e9cline toute responsabilit\u00e9 quant au fonctionnement ininterrompu de ce site Web. Aucun droit ne peut \u00eatre d\u00e9riv\u00e9 des calculs effectu\u00e9s \u00e0 l'aide des donn\u00e9es fournies par l'utilisateur.<\/p><p>Bien que Hizero s'efforce d'\u00e9viter les abus, Hizero n'est pas responsable des informations et\/ou messages envoy\u00e9s par les utilisateurs du site via Internet.<\/p><p>Les r\u00e9f\u00e9rences \u00e0 des sites qui ne sont pas g\u00e9r\u00e9s par Hizero sont incluses uniquement pour l'information du visiteur. Bien que Hizero soit extr\u00eamement prudent \u00e0 l'\u00e9gard des sites r\u00e9f\u00e9renc\u00e9s, il ne peut en garantir le contenu, l'actualit\u00e9, l'exhaustivit\u00e9, la qualit\u00e9 et le fonctionnement. Toute responsabilit\u00e9 concernant les sites non maintenus par Hizero est d\u00e9clin\u00e9e.<\/p><p>Nous, respectivement ayants droit, nous r\u00e9servons tous les droits sur les informations pr\u00e9sent\u00e9es sur ce site, y compris, mais sans s'y limiter, les textes, logos, marques, \u00e9l\u00e9ments graphiques.<\/p><p>L'utilisateur de ce site n'est pas autoris\u00e9 \u00e0 transmettre, reproduire ou diffuser des informations sans notre autorisation \u00e9crite expresse.<\/p><p>En consultant ce site et en utilisant les informations qui y sont fournies, vous acceptez les conditions g\u00e9n\u00e9rales et les restrictions d\u00e9crites ci-dessus.<\/p>\t\t\t\t\t\t\t\t<\/div>\n\t\t\t\t<\/div>\n\t\t\t\t\t<\/div>\n\t\t<\/div>\n\t\t\t\t\t<\/div>\n\t\t<\/section>\n\t\t\t\t<\/div>","protected":false},"excerpt":{"rendered":"<p>Disclaimer De op deze website getoonde informatie wordt door Hizero met zorg samengesteld, echter voor de juistheid en volledigheid daarvan kan niet worden ingestaan. De verstrekte informatie op deze internetsite kan op ieder moment zonder verdere aankondiging worden gewijzigd. Hizero aanvaardt geen enkele aansprakelijkheid voor het ononderbroken functioneren van deze website. Aan de met behulp &#8230; <a title=\"Avertissement\" class=\"read-more\" href=\"https:\/\/hizero.be\/fr\/disclaimer\/\" aria-label=\"Read more about Disclaimer\">Lire la suite<\/a><\/p>","protected":false},"author":1,"featured_media":0,"parent":0,"menu_order":0,"comment_status":"closed","ping_status":"closed","template":"","meta":{"_acf_changed":false,"footnotes":""},"class_list":["post-2673","page","type-page","status-publish"],"acf":[],"_links":{"self":[{"href":"https:\/\/hizero.be\/fr\/wp-json\/wp\/v2\/pages\/2673","targetHints":{"allow":["GET"]}}],"collection":[{"href":"https:\/\/hizero.be\/fr\/wp-json\/wp\/v2\/pages"}],"about":[{"href":"https:\/\/hizero.be\/fr\/wp-json\/wp\/v2\/types\/page"}],"author":[{"embeddable":true,"href":"https:\/\/hizero.be\/fr\/wp-json\/wp\/v2\/users\/1"}],"replies":[{"embeddable":true,"href":"https:\/\/hizero.be\/fr\/wp-json\/wp\/v2\/comments?post=2673"}],"version-history":[{"count":10,"href":"https:\/\/hizero.be\/fr\/wp-json\/wp\/v2\/pages\/2673\/revisions"}],"predecessor-version":[{"id":3345,"href":"https:\/\/hizero.be\/fr\/wp-json\/wp\/v2\/pages\/2673\/revisions\/3345"}],"wp:attachment":[{"href":"https:\/\/hizero.be\/fr\/wp-json\/wp\/v2\/media?parent=2673"}],"curies":[{"name":"wp","href":"https:\/\/api.w.org\/{rel}","templated":true}]}}